{"id":83,"date":"2026-01-04T11:37:16","date_gmt":"2026-01-04T10:37:16","guid":{"rendered":"https:\/\/motus.bydgoszcz.pl\/?page_id=83"},"modified":"2026-01-04T11:47:52","modified_gmt":"2026-01-04T10:47:52","slug":"oferta","status":"publish","type":"page","link":"https:\/\/motus.bydgoszcz.pl\/?page_id=83","title":{"rendered":"Oferta"},"content":{"rendered":"\t\t<div data-elementor-type=\"wp-page\" data-elementor-id=\"83\" class=\"elementor elementor-83\">\n\t\t\t\t<div class=\"elementor-element elementor-element-2bc950de e-flex e-con-boxed e-con e-parent\" data-id=\"2bc950de\" data-element_type=\"container\">\n\t\t\t\t\t<div class=\"e-con-inner\">\n\t\t\t\t<div class=\"elementor-element elementor-element-2a37483d elementor-widget elementor-widget-text-editor\" data-id=\"2a37483d\" data-element_type=\"widget\" data-widget_type=\"text-editor.default\">\n\t\t\t\t<div class=\"elementor-widget-container\">\n\t\t\t\t\t\t\t\t\t<p><\/p>\n<h1 class=\"wp-block-heading has-text-align-center has-x-large-font-size\">Certyfikowani rzeczoznawcy &nbsp;naszego Stowarzyszenia zajmuj\u0105 si\u0119:<\/h1>\n<p><\/p>\n<div class=\"wp-block-group has-global-padding is-layout-constrained wp-container-core-group-is-layout-347cc5c2 wp-block-group-is-layout-constrained\"><p><\/p>\n<div class=\"wp-block-spacer\" style=\"height: 1.25rem\" aria-hidden=\"true\">&nbsp;<\/div>\n<p><\/p>\n<p class=\"has-text-align-left\">\n<\/p><p><\/p>\n<p class=\"has-text-align-left\">-rekonstrukcj\u0105 wypadk\u00f3w drogowych<\/p>\n<p><\/p>\n<p class=\"has-text-align-left\">-korelacj\u0105 wypadk\u00f3w drogowych<\/p>\n<p><\/p>\n<p class=\"has-text-align-left\">-wycen\u0105 warto\u015bci pojazd\u00f3w.&nbsp;<\/p>\n<p><\/p>\n<p class=\"has-text-align-left\">-kosztorysowaniem szk\u00f3d komunikacyjnych.<\/p>\n<p><\/p>\n<p class=\"has-text-align-left\">-wykonaniem oceny stanu technicznego pojazdu.<\/p>\n<p><\/p>\n<p class=\"has-text-align-left\">-ustalaniem &nbsp;przyczyny awarii i &nbsp;weryfikacj\u0105 uszkodzenia zespo\u0142\u00f3w nap\u0119dowych<\/p>\n<p><\/p>\n<p class=\"has-text-align-left\">-ocenianiem&nbsp; wykonanej&nbsp; naprawy pojazdu<\/p><p class=\"has-text-align-left\">-planowaniem organizacji ruchu na drogach niepublicznych<\/p>\n<p><\/p>\n<div class=\"wp-block-spacer\" style=\"height: 1.25rem\" aria-hidden=\"true\">&nbsp;<\/div>\n<p><\/p><\/div>\n<p><\/p>\t\t\t\t\t\t\t\t<\/div>\n\t\t\t\t<\/div>\n\t\t\t\t\t<\/div>\n\t\t\t\t<\/div>\n\t\t\t\t<\/div>\n\t\t","protected":false},"excerpt":{"rendered":"<p>Certyfikowani rzeczoznawcy &nbsp;naszego Stowarzyszenia zajmuj\u0105 si\u0119: -rekonstrukcj\u0105 wypadk\u00f3w drogowych -korelacj\u0105 wypadk\u00f3w drogowych -wycen\u0105 warto\u015bci pojazd\u00f3w.&nbsp; -kosztorysowaniem szk\u00f3d komunikacyjnych. -wykonaniem oceny stanu technicznego pojazdu. -ustalaniem &nbsp;przyczyny awarii i &nbsp;weryfikacj\u0105 uszkodzenia zespo\u0142\u00f3w nap\u0119dowych -ocenianiem&nbsp; wykonanej&nbsp; naprawy pojazdu -planowaniem organizacji ruchu na drogach niepublicznych<\/p>\n","protected":false},"author":1,"featured_media":0,"parent":0,"menu_order":0,"comment_status":"closed","ping_status":"closed","template":"","meta":{"footnotes":""},"class_list":["post-83","page","type-page","status-publish","hentry"],"yoast_head":"<!-- This site is optimized with the Yoast SEO plugin v26.6 - https:\/\/yoast.com\/wordpress\/plugins\/seo\/ -->\n<title>Oferta - Strona g\u0142\u00f3wna<\/title>\n<meta name=\"robots\" content=\"index, follow, max-snippet:-1, max-image-preview:large, max-video-preview:-1\" \/>\n<link rel=\"canonical\" href=\"https:\/\/motus.bydgoszcz.pl\/?page_id=83\" \/>\n<meta property=\"og:locale\" content=\"pl_PL\" \/>\n<meta property=\"og:type\" content=\"article\" \/>\n<meta property=\"og:title\" content=\"Oferta - Strona g\u0142\u00f3wna\" \/>\n<meta property=\"og:description\" content=\"Certyfikowani rzeczoznawcy &nbsp;naszego Stowarzyszenia zajmuj\u0105 si\u0119: -rekonstrukcj\u0105 wypadk\u00f3w drogowych -korelacj\u0105 wypadk\u00f3w drogowych -wycen\u0105 warto\u015bci pojazd\u00f3w.&nbsp; -kosztorysowaniem szk\u00f3d komunikacyjnych. -wykonaniem oceny stanu technicznego pojazdu. -ustalaniem &nbsp;przyczyny awarii i &nbsp;weryfikacj\u0105 uszkodzenia zespo\u0142\u00f3w nap\u0119dowych -ocenianiem&nbsp; wykonanej&nbsp; naprawy pojazdu -planowaniem organizacji ruchu na drogach niepublicznych\" \/>\n<meta property=\"og:url\" content=\"https:\/\/motus.bydgoszcz.pl\/?page_id=83\" \/>\n<meta property=\"og:site_name\" content=\"Strona g\u0142\u00f3wna\" \/>\n<meta property=\"article:modified_time\" content=\"2026-01-04T10:47:52+00:00\" \/>\n<meta name=\"twitter:card\" content=\"summary_large_image\" \/>\n<meta name=\"twitter:label1\" content=\"Szacowany czas czytania\" \/>\n\t<meta name=\"twitter:data1\" content=\"1 minuta\" \/>\n<script type=\"application\/ld+json\" class=\"yoast-schema-graph\">{\"@context\":\"https:\/\/schema.org\",\"@graph\":[{\"@type\":\"WebPage\",\"@id\":\"https:\/\/motus.bydgoszcz.pl\/?page_id=83\",\"url\":\"https:\/\/motus.bydgoszcz.pl\/?page_id=83\",\"name\":\"Oferta - Strona g\u0142\u00f3wna\",\"isPartOf\":{\"@id\":\"https:\/\/motus.bydgoszcz.pl\/#website\"},\"datePublished\":\"2026-01-04T10:37:16+00:00\",\"dateModified\":\"2026-01-04T10:47:52+00:00\",\"breadcrumb\":{\"@id\":\"https:\/\/motus.bydgoszcz.pl\/?page_id=83#breadcrumb\"},\"inLanguage\":\"pl-PL\",\"potentialAction\":[{\"@type\":\"ReadAction\",\"target\":[\"https:\/\/motus.bydgoszcz.pl\/?page_id=83\"]}]},{\"@type\":\"BreadcrumbList\",\"@id\":\"https:\/\/motus.bydgoszcz.pl\/?page_id=83#breadcrumb\",\"itemListElement\":[{\"@type\":\"ListItem\",\"position\":1,\"name\":\"Home\",\"item\":\"https:\/\/motus.bydgoszcz.pl\/\"},{\"@type\":\"ListItem\",\"position\":2,\"name\":\"Oferta\"}]},{\"@type\":\"WebSite\",\"@id\":\"https:\/\/motus.bydgoszcz.pl\/#website\",\"url\":\"https:\/\/motus.bydgoszcz.pl\/\",\"name\":\"Strona g\u0142\u00f3wna\",\"description\":\"\",\"potentialAction\":[{\"@type\":\"SearchAction\",\"target\":{\"@type\":\"EntryPoint\",\"urlTemplate\":\"https:\/\/motus.bydgoszcz.pl\/?s={search_term_string}\"},\"query-input\":{\"@type\":\"PropertyValueSpecification\",\"valueRequired\":true,\"valueName\":\"search_term_string\"}}],\"inLanguage\":\"pl-PL\"}]}<\/script>\n<!-- \/ Yoast SEO plugin. -->","yoast_head_json":{"title":"Oferta - Strona g\u0142\u00f3wna","robots":{"index":"index","follow":"follow","max-snippet":"max-snippet:-1","max-image-preview":"max-image-preview:large","max-video-preview":"max-video-preview:-1"},"canonical":"https:\/\/motus.bydgoszcz.pl\/?page_id=83","og_locale":"pl_PL","og_type":"article","og_title":"Oferta - Strona g\u0142\u00f3wna","og_description":"Certyfikowani rzeczoznawcy &nbsp;naszego Stowarzyszenia zajmuj\u0105 si\u0119: -rekonstrukcj\u0105 wypadk\u00f3w drogowych -korelacj\u0105 wypadk\u00f3w drogowych -wycen\u0105 warto\u015bci pojazd\u00f3w.&nbsp; -kosztorysowaniem szk\u00f3d komunikacyjnych. -wykonaniem oceny stanu technicznego pojazdu. -ustalaniem &nbsp;przyczyny awarii i &nbsp;weryfikacj\u0105 uszkodzenia zespo\u0142\u00f3w nap\u0119dowych -ocenianiem&nbsp; wykonanej&nbsp; naprawy pojazdu -planowaniem organizacji ruchu na drogach niepublicznych","og_url":"https:\/\/motus.bydgoszcz.pl\/?page_id=83","og_site_name":"Strona g\u0142\u00f3wna","article_modified_time":"2026-01-04T10:47:52+00:00","twitter_card":"summary_large_image","twitter_misc":{"Szacowany czas czytania":"1 minuta"},"schema":{"@context":"https:\/\/schema.org","@graph":[{"@type":"WebPage","@id":"https:\/\/motus.bydgoszcz.pl\/?page_id=83","url":"https:\/\/motus.bydgoszcz.pl\/?page_id=83","name":"Oferta - Strona g\u0142\u00f3wna","isPartOf":{"@id":"https:\/\/motus.bydgoszcz.pl\/#website"},"datePublished":"2026-01-04T10:37:16+00:00","dateModified":"2026-01-04T10:47:52+00:00","breadcrumb":{"@id":"https:\/\/motus.bydgoszcz.pl\/?page_id=83#breadcrumb"},"inLanguage":"pl-PL","potentialAction":[{"@type":"ReadAction","target":["https:\/\/motus.bydgoszcz.pl\/?page_id=83"]}]},{"@type":"BreadcrumbList","@id":"https:\/\/motus.bydgoszcz.pl\/?page_id=83#breadcrumb","itemListElement":[{"@type":"ListItem","position":1,"name":"Home","item":"https:\/\/motus.bydgoszcz.pl\/"},{"@type":"ListItem","position":2,"name":"Oferta"}]},{"@type":"WebSite","@id":"https:\/\/motus.bydgoszcz.pl\/#website","url":"https:\/\/motus.bydgoszcz.pl\/","name":"Strona g\u0142\u00f3wna","description":"","potentialAction":[{"@type":"SearchAction","target":{"@type":"EntryPoint","urlTemplate":"https:\/\/motus.bydgoszcz.pl\/?s={search_term_string}"},"query-input":{"@type":"PropertyValueSpecification","valueRequired":true,"valueName":"search_term_string"}}],"inLanguage":"pl-PL"}]}},"_links":{"self":[{"href":"https:\/\/motus.bydgoszcz.pl\/index.php?rest_route=\/wp\/v2\/pages\/83","targetHints":{"allow":["GET"]}}],"collection":[{"href":"https:\/\/motus.bydgoszcz.pl\/index.php?rest_route=\/wp\/v2\/pages"}],"about":[{"href":"https:\/\/motus.bydgoszcz.pl\/index.php?rest_route=\/wp\/v2\/types\/page"}],"author":[{"embeddable":true,"href":"https:\/\/motus.bydgoszcz.pl\/index.php?rest_route=\/wp\/v2\/users\/1"}],"replies":[{"embeddable":true,"href":"https:\/\/motus.bydgoszcz.pl\/index.php?rest_route=%2Fwp%2Fv2%2Fcomments&post=83"}],"version-history":[{"count":5,"href":"https:\/\/motus.bydgoszcz.pl\/index.php?rest_route=\/wp\/v2\/pages\/83\/revisions"}],"predecessor-version":[{"id":91,"href":"https:\/\/motus.bydgoszcz.pl\/index.php?rest_route=\/wp\/v2\/pages\/83\/revisions\/91"}],"wp:attachment":[{"href":"https:\/\/motus.bydgoszcz.pl\/index.php?rest_route=%2Fwp%2Fv2%2Fmedia&parent=83"}],"curies":[{"name":"wp","href":"https:\/\/api.w.org\/{rel}","templated":true}]}}